{"id":371,"date":"2018-05-07T18:41:36","date_gmt":"2018-05-07T18:41:36","guid":{"rendered":"http:\/\/koroni.net\/?page_id=371"},"modified":"2018-05-07T18:41:57","modified_gmt":"2018-05-07T18:41:57","slug":"how-to-get-here","status":"publish","type":"page","link":"https:\/\/koroni.net\/de\/wie-komme-ich-hier-hin\/","title":{"rendered":"Wie komme ich hier hin"},"content":{"rendered":"<div class=\"clearfix\">\n<div class=\"col-md-4\">\n<h3><i class=\"fa fa-plane\"><\/i> Kalamata &#8211; Athens Airport<\/h3>\n<p><a href=\"http:\/\/www.ypa.gr\/our-airports\/kratikos-aerolimenas-kalamatas-kapetan-bas-kwnstantakopoylos-kakl\" target=\"_blank\" rel=\"noopener\"><strong>INTERNATIONAL AIRPORT KALAMATAS<\/strong><\/a><\/p>\n<p>Der Kalamata National Airport oder der vollst\u00e4ndige Name des Kalamata National Airport &#8222;Kapetan Vas. Konstantakopoulos&#8220; liegt etwa 9 km westlich der Stadt Kalamata.<\/p>\n<p><a href=\"http:\/\/www.aia.gr\/traveler\/\" target=\"_blank\" rel=\"noopener\"><strong>INTERNATIONAL AIRPORT ATHENS<\/strong><\/a><\/p>\n<p>Der internationale Flughafen Eleftherios Venizelos ist der einzige kommerzielle Flughafen in Athen mit \u00fcber 18 Millionen Passagieren pro Jahr.\n<\/p><\/div>\n<div class=\"col-md-4\">\n<h3><i class=\"fa fa-ship\"><\/i> H\u00e4fen von Griechenland<\/h3>\n<p><strong><a href=\"http:\/\/www.patrasport.gr\/cms\/?page_id=1238&amp;lang=en\" target=\"_blank\" rel=\"noopener\">The port of Patras<\/a><br \/>\n<\/strong><\/p>\n<p>Der Hafen von Patras ist das Tor unseres Landes nach Europa und ist einer der modernsten H\u00e4fen im Mittelmeerraum.<br \/>\n<strong><a href=\"http:\/\/www.olp.gr\/en\/\" target=\"_blank\" rel=\"noopener\">Der Hafen von Pir\u00e4us<\/a><br \/>\n<\/strong><\/p>\n<p>Pir\u00e4us ist der gr\u00f6\u00dfte Hafen Europas und einer der gr\u00f6\u00dften im Passagierverkehr der Welt.<\/p><\/div>\n<div class=\"col-md-4\">\n<h3><i class=\"fa fa-taxi\"><\/i> Taxi-Service<\/h3>\n<p>Professionelle und qualitativ hochwertige Dienstleistungen! ! ! Die gro\u00dfen Luxus- und klimatisierten Mercedes-Benz-Taxis. Unsere englischsprachigen Guides bringen Sie ohne Zeitbeschr\u00e4nkung dorthin, wo Sie hin wollen. Senden Sie uns eine E-Mail oder rufen Sie uns unter den unten stehenden Nummern an, um eines der guten Taxiautos zu buchen, mit denen wir zusammenarbeiten.<br \/>\nZagabeach@hotmail.com<br \/>\nContact: +306936682102<\/p>\n<\/div>\n<\/div>\n","protected":false},"excerpt":{"rendered":"<p>Kalamata &#8211; Athens Airport INTERNATIONAL AIRPORT KALAMATAS Der Kalamata National&#8230;<\/p>\n","protected":false},"author":1,"featured_media":0,"parent":0,"menu_order":0,"comment_status":"closed","ping_status":"closed","template":"","meta":{"_mi_skip_tracking":false,"_exactmetrics_sitenote_active":false,"_exactmetrics_sitenote_note":"","_exactmetrics_sitenote_category":0},"acf":[],"yoast_head":"<!-- This site is optimized with the Yoast SEO plugin v18.5.1 - https:\/\/yoast.com\/wordpress\/plugins\/seo\/ -->\n<title>Wie komme ich hier hin - Zaga Beach Hotel and Restaurant | koroni.net<\/title>\n<meta name=\"robots\" content=\"index, follow, max-snippet:-1, max-image-preview:large, max-video-preview:-1\" \/>\n<link rel=\"canonical\" href=\"https:\/\/koroni.net\/how-to-get-here\/\" \/>\n<meta property=\"og:locale\" content=\"de_DE\" \/>\n<meta property=\"og:type\" content=\"article\" \/>\n<meta property=\"og:title\" content=\"Wie komme ich hier hin - Zaga Beach Hotel and Restaurant | koroni.net\" \/>\n<meta property=\"og:description\" content=\"Kalamata &#8211; Athens Airport INTERNATIONAL AIRPORT KALAMATAS Der Kalamata National...\" \/>\n<meta property=\"og:url\" content=\"https:\/\/koroni.net\/how-to-get-here\/\" \/>\n<meta property=\"og:site_name\" content=\"Zaga Beach Hotel and Restaurant | koroni.net\" \/>\n<meta property=\"article:modified_time\" content=\"2018-05-07T18:41:57+00:00\" \/>\n<meta name=\"twitter:card\" content=\"summary_large_image\" \/>\n<meta name=\"twitter:label1\" content=\"Gesch\u00e4tzte Lesezeit\" \/>\n\t<meta name=\"twitter:data1\" content=\"1\u00a0Minute\" \/>\n<script type=\"application\/ld+json\" class=\"yoast-schema-graph\">{\"@context\":\"https:\/\/schema.org\",\"@graph\":[{\"@type\":\"WebSite\",\"@id\":\"https:\/\/koroni.net\/#website\",\"url\":\"https:\/\/koroni.net\/\",\"name\":\"Zaga Beach Hotel and Restaurant | koroni.net\",\"description\":\"Willkommen im Zaga Beach Hotel &amp; Restaurant in der pr\u00e4chtigen Koroni, hoffen, dass Sie Ihren Urlaub genie\u00dfen und wir werden das von unserer Hand tun, um zu erreichen\",\"potentialAction\":[{\"@type\":\"SearchAction\",\"target\":{\"@type\":\"EntryPoint\",\"urlTemplate\":\"https:\/\/koroni.net\/?s={search_term_string}\"},\"query-input\":\"required name=search_term_string\"}],\"inLanguage\":\"de\"},{\"@type\":\"WebPage\",\"@id\":\"https:\/\/koroni.net\/how-to-get-here\/#webpage\",\"url\":\"https:\/\/koroni.net\/how-to-get-here\/\",\"name\":\"Wie komme ich hier hin - Zaga Beach Hotel and Restaurant | koroni.net\",\"isPartOf\":{\"@id\":\"https:\/\/koroni.net\/#website\"},\"datePublished\":\"2018-05-07T18:41:36+00:00\",\"dateModified\":\"2018-05-07T18:41:57+00:00\",\"breadcrumb\":{\"@id\":\"https:\/\/koroni.net\/how-to-get-here\/#breadcrumb\"},\"inLanguage\":\"de\",\"potentialAction\":[{\"@type\":\"ReadAction\",\"target\":[\"https:\/\/koroni.net\/how-to-get-here\/\"]}]},{\"@type\":\"BreadcrumbList\",\"@id\":\"https:\/\/koroni.net\/how-to-get-here\/#breadcrumb\",\"itemListElement\":[{\"@type\":\"ListItem\",\"position\":1,\"name\":\"Home\",\"item\":\"https:\/\/koroni.net\/\"},{\"@type\":\"ListItem\",\"position\":2,\"name\":\"How to Get Here\"}]}]}<\/script>\n<!-- \/ Yoast SEO plugin. -->","yoast_head_json":{"title":"Wie komme ich hier hin - Zaga Beach Hotel and Restaurant | koroni.net","robots":{"index":"index","follow":"follow","max-snippet":"max-snippet:-1","max-image-preview":"max-image-preview:large","max-video-preview":"max-video-preview:-1"},"canonical":"https:\/\/koroni.net\/how-to-get-here\/","og_locale":"de_DE","og_type":"article","og_title":"Wie komme ich hier hin - Zaga Beach Hotel and Restaurant | koroni.net","og_description":"Kalamata &#8211; Athens Airport INTERNATIONAL AIRPORT KALAMATAS Der Kalamata National...","og_url":"https:\/\/koroni.net\/how-to-get-here\/","og_site_name":"Zaga Beach Hotel and Restaurant | koroni.net","article_modified_time":"2018-05-07T18:41:57+00:00","twitter_card":"summary_large_image","twitter_misc":{"Gesch\u00e4tzte Lesezeit":"1\u00a0Minute"},"schema":{"@context":"https:\/\/schema.org","@graph":[{"@type":"WebSite","@id":"https:\/\/koroni.net\/#website","url":"https:\/\/koroni.net\/","name":"Zaga Beach Hotel and Restaurant | koroni.net","description":"Willkommen im Zaga Beach Hotel &amp; Restaurant in der pr\u00e4chtigen Koroni, hoffen, dass Sie Ihren Urlaub genie\u00dfen und wir werden das von unserer Hand tun, um zu erreichen","potentialAction":[{"@type":"SearchAction","target":{"@type":"EntryPoint","urlTemplate":"https:\/\/koroni.net\/?s={search_term_string}"},"query-input":"required name=search_term_string"}],"inLanguage":"de"},{"@type":"WebPage","@id":"https:\/\/koroni.net\/how-to-get-here\/#webpage","url":"https:\/\/koroni.net\/how-to-get-here\/","name":"Wie komme ich hier hin - Zaga Beach Hotel and Restaurant | koroni.net","isPartOf":{"@id":"https:\/\/koroni.net\/#website"},"datePublished":"2018-05-07T18:41:36+00:00","dateModified":"2018-05-07T18:41:57+00:00","breadcrumb":{"@id":"https:\/\/koroni.net\/how-to-get-here\/#breadcrumb"},"inLanguage":"de","potentialAction":[{"@type":"ReadAction","target":["https:\/\/koroni.net\/how-to-get-here\/"]}]},{"@type":"BreadcrumbList","@id":"https:\/\/koroni.net\/how-to-get-here\/#breadcrumb","itemListElement":[{"@type":"ListItem","position":1,"name":"Home","item":"https:\/\/koroni.net\/"},{"@type":"ListItem","position":2,"name":"How to Get Here"}]}]}},"_links":{"self":[{"href":"https:\/\/koroni.net\/de\/wp-json\/wp\/v2\/pages\/371"}],"collection":[{"href":"https:\/\/koroni.net\/de\/wp-json\/wp\/v2\/pages"}],"about":[{"href":"https:\/\/koroni.net\/de\/wp-json\/wp\/v2\/types\/page"}],"author":[{"embeddable":true,"href":"https:\/\/koroni.net\/de\/wp-json\/wp\/v2\/users\/1"}],"replies":[{"embeddable":true,"href":"https:\/\/koroni.net\/de\/wp-json\/wp\/v2\/comments?post=371"}],"version-history":[{"count":1,"href":"https:\/\/koroni.net\/de\/wp-json\/wp\/v2\/pages\/371\/revisions"}],"predecessor-version":[{"id":372,"href":"https:\/\/koroni.net\/de\/wp-json\/wp\/v2\/pages\/371\/revisions\/372"}],"wp:attachment":[{"href":"https:\/\/koroni.net\/de\/wp-json\/wp\/v2\/media?parent=371"}],"curies":[{"name":"wp","href":"https:\/\/api.w.org\/{rel}","templated":true}]}}