{"id":21,"date":"2018-05-03T07:31:10","date_gmt":"2018-05-03T07:31:10","guid":{"rendered":"http:\/\/koroni.net\/?page_id=21"},"modified":"2018-05-07T17:38:39","modified_gmt":"2018-05-07T17:38:39","slug":"koroni-messinias","status":"publish","type":"page","link":"https:\/\/koroni.net\/de\/koroni-messinias\/","title":{"rendered":"Koroni Messinias"},"content":{"rendered":"\n\t\t<style type=\"text\/css\">\n\t\t\t#gallery-1 {\n\t\t\t\tmargin: auto;\n\t\t\t}\n\t\t\t#gallery-1 .gallery-item {\n\t\t\t\tfloat: left;\n\t\t\t\tmargin-top: 10px;\n\t\t\t\ttext-align: center;\n\t\t\t\twidth: 50%;\n\t\t\t}\n\t\t\t#gallery-1 img {\n\t\t\t\tborder: 2px solid #cfcfcf;\n\t\t\t}\n\t\t\t#gallery-1 .gallery-caption {\n\t\t\t\tmargin-left: 0;\n\t\t\t}\n\t\t\t\/* see gallery_shortcode() in wp-includes\/media.php *\/\n\t\t<\/style>\n\t\t<div id='gallery-1' class='gallery galleryid-21 gallery-columns-2 gallery-size-medium'><dl class='gallery-item'>\n\t\t\t<dt class='gallery-icon landscape'>\n\t\t\t\t<a href='https:\/\/koroni.net\/wp-content\/uploads\/2018\/05\/koroni1.jpg'><img width=\"259\" height=\"194\" src=\"https:\/\/koroni.net\/wp-content\/uploads\/2018\/05\/koroni1.jpg\" class=\"attachment-medium size-medium colorbox-21 \" alt=\"koroni messinias\" loading=\"lazy\" title=\"koroni messinias\" \/><\/a>\n\t\t\t<\/dt><\/dl><dl class='gallery-item'>\n\t\t\t<dt class='gallery-icon landscape'>\n\t\t\t\t<a href='https:\/\/koroni.net\/wp-content\/uploads\/2018\/05\/koroni4.jpg'><img width=\"259\" height=\"194\" src=\"https:\/\/koroni.net\/wp-content\/uploads\/2018\/05\/koroni4.jpg\" class=\"attachment-medium size-medium colorbox-21 \" alt=\"koroni messinias\" loading=\"lazy\" title=\"koroni messinias\" \/><\/a>\n\t\t\t<\/dt><\/dl><br style=\"clear: both\" \/>\n\t\t<\/div>\n\n<p><strong>Koroni oder Corone (Griechisch: \u039a\u03bf\u03c1\u03ce\u03bd\u03b7)<\/strong> ist eine Stadt und eine ehemalige Gemeinde in Messenien, Peloponnes, Griechenland. Seit der Kommunalreform von 2011 geh\u00f6rt es zur Gemeinde Pylos-Nestoras, von der es eine kommunale Einheit ist. Von den Venezianern und Osmanen als Corone bekannt, liegt die Stadt Koroni (1668 Einwohner) auf der s\u00fcdwestlichen Halbinsel des Peloponnes am Golf von Messenien in S\u00fcdgriechenland 45 Minuten s\u00fcdwestlich von Kalamata. Die Stadt liegt auf einem H\u00fcgel unterhalb einer beeindruckenden venezianischen Burg und reicht bis zum Rande des Golfs. Die Stadt war der Sitz der ehemaligen Gemeinde von Kor\u00f3ni, die eine Fl\u00e4che von 105.163 km\u00b2 und eine Bev\u00f6lkerung von 5.067 (Volksz\u00e4hlung von 2001) hat. Die n\u00e4chstgr\u00f6\u00dferen St\u00e4dte der Gemeinde sind Charokopei\u00f3 (743 Einwohner), Chrysokellari\u00e1 (528) und Vasil\u00edtsi (488). Dazu geh\u00f6rt auch die unbewohnte vorgelagerte Insel Ven\u00e9tiko.<\/p>\n\n\t\t<style type=\"text\/css\">\n\t\t\t#gallery-2 {\n\t\t\t\tmargin: auto;\n\t\t\t}\n\t\t\t#gallery-2 .gallery-item {\n\t\t\t\tfloat: left;\n\t\t\t\tmargin-top: 10px;\n\t\t\t\ttext-align: center;\n\t\t\t\twidth: 50%;\n\t\t\t}\n\t\t\t#gallery-2 img {\n\t\t\t\tborder: 2px solid #cfcfcf;\n\t\t\t}\n\t\t\t#gallery-2 .gallery-caption {\n\t\t\t\tmargin-left: 0;\n\t\t\t}\n\t\t\t\/* see gallery_shortcode() in wp-includes\/media.php *\/\n\t\t<\/style>\n\t\t<div id='gallery-2' class='gallery galleryid-21 gallery-columns-2 gallery-size-medium'><dl class='gallery-item'>\n\t\t\t<dt class='gallery-icon landscape'>\n\t\t\t\t<a href='https:\/\/koroni.net\/wp-content\/uploads\/2018\/05\/koroni5.jpg'><img width=\"259\" height=\"194\" src=\"https:\/\/koroni.net\/wp-content\/uploads\/2018\/05\/koroni5.jpg\" class=\"attachment-medium size-medium colorbox-21 \" alt=\"koroni messinias castle\" loading=\"lazy\" title=\"koroni messinias castle\" \/><\/a>\n\t\t\t<\/dt><\/dl><dl class='gallery-item'>\n\t\t\t<dt class='gallery-icon landscape'>\n\t\t\t\t<a href='https:\/\/koroni.net\/wp-content\/uploads\/2018\/05\/koroni3.jpg'><img width=\"259\" height=\"194\" src=\"https:\/\/koroni.net\/wp-content\/uploads\/2018\/05\/koroni3.jpg\" class=\"attachment-medium size-medium colorbox-21 \" alt=\"koroni messinias castle\" loading=\"lazy\" title=\"koroni messinias castle\" \/><\/a>\n\t\t\t<\/dt><\/dl><br style=\"clear: both\" \/>\n\t\t<\/div>\n\n<p>Die Stadt wurde in der Antike gegr\u00fcndet. Der griechische Geograph Pausanias berichtet in seinem Buch &#8222;Messiniaka&#8220; von der urspr\u00fcnglichen Lage von Koroni im heutigen Petalidi, einer Stadt ein paar Kilometer n\u00f6rdlich von Koroni. Er berichtet auch von vielen Tempeln griechischer G\u00f6tter und einer Kupferstatue von Zeus. Aufgrund von Nachbestellungen zog die Stadt Koroni in den folgenden Jahrhunderten an ihren heutigen Standort, wo einst die antike Stadt Asini gestanden hatte. Im 6. und 7. Jahrhundert n. Chr. Errichteten die Byzantiner dort eine Festung. Es erscheint zum ersten Mal als Bistum in der Notitiae Episcopatuum des byzantinischen Kaisers Leo VI. Der Weise, in dem es als Suffragan des Sees von Patras erscheint. Die \u00fcberlebenden Siegel geben die Namen einiger griechischer Bisch\u00f6fe an. Die griechische Eparchie wurde im 19. Jahrhundert im Zuge einer kirchlichen Neuordnung nach der Unabh\u00e4ngigkeit Griechenlands unterdr\u00fcckt.<\/p>\n<p>&nbsp;<\/p>\n<h3><span id=\"Venetian_period\" class=\"mw-headline\">Venetian period<\/span><span class=\"mw-editsection\"><span class=\"mw-editsection-bracket\"><br \/>\n<\/span><\/span><\/h3>\n<p>Nach dem Fall von Konstantinopel zum vierten Kreuzzug im Jahre 1204 \u00fcbertrug die Partitio Romaniae den gr\u00f6\u00dften Teil des Peloponnes der Republik Venedig, aber die Venezianer zogen langsam um sie zu beanspruchen, und die Halbinsel ging schnell an die fr\u00e4nkischen Kreuzfahrer unter Wilhelm von Champlitte \u00fcber gr\u00fcndete das F\u00fcrstentum Achaia. Die Festung Koroni wurde zun\u00e4chst Champlittes Oberleutnant Geoffrey von Villehardouin \u00fcbergeben. Erst 1206 oder 1207 eroberten eine venezianische Flotte unter Premarini und der Sohn des Dogen Enrico Dandolo die Messenische Halbinsel und Koroni mit dem benachbarten Methoni von Champlittes M\u00e4nnern. Der venezianische Besitz der beiden Festungen wurde von Geoffrey von Villehardouin, dem heutigen Prinzen von Achaia, im Vertrag von Sapienza im Juni 1209 anerkannt.<\/p>\n<p>Die venezianische Periode dauerte drei Jahrhunderte, w\u00e4hrend welcher Zeit Koroni und Methoni oder Coron und Modon &#8211; die ersten venezianischen Besitzt\u00fcmer auf dem griechischen Festland &#8211; nach den Worten eines venezianischen Dokuments &#8222;das Gef\u00e4\u00df und das besondere Nest aller unserer Galeeren&#8220; wurden. Schiffe und Schiffe auf dem Weg in die Levante &#8222;, und aufgrund ihrer Stellung, die den levantinischen Handel kontrollierte, wurden sie als&#8220; die Hauptaugen der Republik &#8222;bezeichnet. Die Stadt bl\u00fchte als Wegstation von Kaufleuten und Pilgern in das Heilige Land auf. Vor allem Koroni war ber\u00fchmt f\u00fcr sein Cochineal, aus dem karmesinrote Farbstoffe hergestellt wurden, und f\u00fcr die venezianische Ingenieurskunst in Belagerungsmaschinen, die von den F\u00fcrsten des fr\u00e4nkischen Griechenlands in ihren Kriegen sehr gefragt war. Von den beiden war Koroni um so wichtiger: Als die beiden Kapit\u00e4nen der Festungen gegen Ende des 13. Jahrhunderts auf drei erh\u00f6ht wurden, residierten die beiden in Koroni, und in Notf\u00e4llen residierte dort ein Bailo als au\u00dferordentlicher Konsul. W\u00e4hrend dieser Zeit wurde Koroni Sitz der Bisch\u00f6fe der lateinischen Kirche. Da die Katholiken die bereits existierende byzantinische Kirchenstruktur nachahmen, bleibt der lateinische Bischof von Koroni ein Suffragan des lateinischen Erzbischofs von Patras. Einer seiner Bisch\u00f6fe, Angelo Correr, wurde sp\u00e4ter Papst Gregor XII. Nicht mehr ein katholisches Bistum, Corone wird heute von der katholischen Kirche als Titular aufgef\u00fchrt.<\/p>\n<p>In der Mitte des 14. Jahrhunderts litten die beiden venezianischen Kolonien sehr unter dem Schwarzen Tod, so dass es notwendig war, eine neue Kolonie von Kolonisten von zu Hause aus zu schicken, und das Wahlrecht wurde auf alle Einwohner au\u00dfer den Juden ausgedehnt. Die beiden Festungen wurden durch eine Reihe minuti\u00f6s detaillierter Statuten und Kapitulationen geregelt, die von der Stadtregierung erlassen wurden und Klauseln enthielten, die der venezianischen Garnison verbot, B\u00e4rte zu tragen, um sie von den einheimischen Griechen zu unterscheiden. Im Gegensatz zu anderen lateinischen Herrschern in Griechenland erlaubten die Venezianer den griechisch-orthodoxen Bisch\u00f6fen, in ihren Schulen neben ihren katholischen Amtskollegen zu residieren, aber in der zweiten H\u00e4lfte des 14. Jahrhunderts gibt es Berichte \u00fcber Misshandlungen der griechischen Bev\u00f6lkerung, die aus venezianischem Gebiet nach die Franken von Achaea.<\/p>\n<p>Im fr\u00fchen 15. Jahrhundert, als das F\u00fcrstentum Acha\u00eba allm\u00e4hlich zusammenbrach, dehnten die Venezianer ihr Territorium in Messenien aus: Navarino wurde 1417 \u00fcbernommen und hatte bis 1439 zwischen Navarino und Methoni und Koroni sechs weitere Burgen errichtet oder \u00fcbernommen, um sie zu sichern Besitz. Der erste Angriff der Seestreitkr\u00e4fte auf Koroni fand 1428 statt, und nach der Eroberung des Despotat der Morea durch die Osmanen im Jahr 1460 grenzten die venezianischen Gebiete an das osmanische Territorium. Koroni fiel w\u00e4hrend des Zweiten Osmanisch-Venezianischen Krieges (1499-1503) 1500 an die Osmanen: Sultan Bayezid II. St\u00fcrmte Methoni, worauf Koroni und Navarino kapitulierten (15. oder 17. August 1500).<\/p>\n<h3><span id=\"Ottoman_and_modern_period\" class=\"mw-headline\">Ottoman and modern period<\/span><span class=\"mw-editsection\"><span class=\"mw-editsection-bracket\"><br \/>\n<\/span><\/span><\/h3>\n<p>Die Stadt wurde 1532 von Admiral Andrea Doria zur\u00fcckerobert, aber im Fr\u00fchling 1533 belagerten die Osmanen sie. Doria war in der Lage, die Stadt zu entlasten, woraufhin Sultan S\u00fcleyman der Pr\u00e4chtige die Dienste des Korsarenhauptmanns Hayreddin Barbarossa in Anspruch nahm. Barbarossa wurde durch den Ausbruch der Pest in der Garnison und einen besonders harten Winter unterst\u00fctzt, und 1534 \u00fcbergab die spanische Garnison die Festung und segelte nach Italien. In der ersten H\u00e4lfte des 16. Jahrhunderts war Koroni zun\u00e4chst ein Kaza innerhalb der Sub-Provinz (Sanjak) von Methoni und der Sitz eines Kadis. Die Festung selbst und das umliegende Gebiet waren ein kaiserliches Lehen (hass-i h\u00fcmayun). Sein Jahresumsatz betrug 162.081 Ak\u00e7es, die laut Theodore Spandounes zusammen mit den Erl\u00f6sen von Methoni nach Mekka gew\u00e4hrt wurden.<\/p>\n<p>Im Jahr 1582 war die Festung Teil des Sanjaks von Mezistre und umfasste Berichten zufolge 300 christliche und 10 j\u00fcdische Haushalte, w\u00e4hrend die muslimische Bev\u00f6lkerung auf die Beamten und eine 300 Mann starke Garnison beschr\u00e4nkt war, die offenbar \u00fcber die gesamte osmanische Zeit hinweg konstant blieb. Laut dem Reisenden aus dem 17. Jahrhundert, Evliya \u00c7elebi, war Koroni der Sitz eines separaten Sanjaks, entweder im Morea Eyalet oder im Eyalet des Archipels. Der franz\u00f6sische Reisende Jean-Baptiste Tavernier aus dem 17. Jahrhundert berichtet, dass sein Bey (Gouverneur) der osmanischen Marine eine Flotte zur Verf\u00fcgung stellen musste. Sp\u00e4ter geh\u00f6rte es zum Sanjak von Morea und ist im sp\u00e4ten 18. Jahrhundert von Fran\u00e7ois Pouqueville als separater Sanjak wieder bezeugt.<\/p>\n<p>Im Mor\u00e4nenkrieg war Koroni der erste Ort, den die Venezianer bei ihrer Eroberung des Peloponnes angriffen und nach einer Belagerung festnahmen (25. Juni &#8211; 7. August 1685). Es blieb in Venetian H\u00e4nden als Teil des &#8222;K\u00f6nigreichs der Morea&#8220;, bis die gesamte Halbinsel von den Osmanen 1715, w\u00e4hrend des 7. Ottoman-Venezianischen Krieges zur\u00fcckerobert wurde. W\u00e4hrend des 18. Jahrhunderts verlor die Stadt an Bedeutung: Ihr Hafen wurde bereits um die Jahrhundertwende f\u00fcr verstopft und ruin\u00f6s erkl\u00e4rt, aber sie exportierte weiterhin Seide und Oliven\u00f6l; Bis in die 1770er Jahre waren dort vier franz\u00f6sische Handelsh\u00e4user aktiv. Um 1805 berichtete der englische Reisende William Martin Leake, dass der Handel aufgeh\u00f6rt habe, dass der Hafen nur &#8222;unsicheren Ankerplatz&#8220; bot und dass die Janitscharen Garnison die lokale Bev\u00f6lkerung missbrauchten.<\/p>\n<p>Koroni wurde 1828 Teil des modernen griechischen Staates, als er vom franz\u00f6sischen General Nicolas Joseph Maison befreit wurde.<\/p>\n","protected":false},"excerpt":{"rendered":"<p>Koroni oder Corone (Griechisch: \u039a\u03bf\u03c1\u03ce\u03bd\u03b7) ist eine Stadt und eine&#8230;<\/p>\n","protected":false},"author":1,"featured_media":0,"parent":0,"menu_order":0,"comment_status":"closed","ping_status":"closed","template":"","meta":{"_mi_skip_tracking":false,"_exactmetrics_sitenote_active":false,"_exactmetrics_sitenote_note":"","_exactmetrics_sitenote_category":0},"acf":[],"yoast_head":"<!-- This site is optimized with the Yoast SEO plugin v18.5.1 - https:\/\/yoast.com\/wordpress\/plugins\/seo\/ -->\n<title>Koroni Messinias - Zaga Beach Hotel and Restaurant | koroni.net<\/title>\n<meta name=\"robots\" content=\"index, follow, max-snippet:-1, max-image-preview:large, max-video-preview:-1\" \/>\n<link rel=\"canonical\" href=\"https:\/\/koroni.net\/koroni-messinias\/\" \/>\n<meta property=\"og:locale\" content=\"de_DE\" \/>\n<meta property=\"og:type\" content=\"article\" \/>\n<meta property=\"og:title\" content=\"Koroni Messinias - Zaga Beach Hotel and Restaurant | koroni.net\" \/>\n<meta property=\"og:description\" content=\"Koroni oder Corone (Griechisch: \u039a\u03bf\u03c1\u03ce\u03bd\u03b7) ist eine Stadt und eine...\" \/>\n<meta property=\"og:url\" content=\"https:\/\/koroni.net\/koroni-messinias\/\" \/>\n<meta property=\"og:site_name\" content=\"Zaga Beach Hotel and Restaurant | koroni.net\" \/>\n<meta property=\"article:modified_time\" content=\"2018-05-07T17:38:39+00:00\" \/>\n<meta property=\"og:image\" content=\"https:\/\/koroni.net\/wp-content\/uploads\/2018\/05\/koroni1.jpg\" \/>\n<meta name=\"twitter:card\" content=\"summary_large_image\" \/>\n<meta name=\"twitter:label1\" content=\"Gesch\u00e4tzte Lesezeit\" \/>\n\t<meta name=\"twitter:data1\" content=\"6\u00a0Minuten\" \/>\n<script type=\"application\/ld+json\" class=\"yoast-schema-graph\">{\"@context\":\"https:\/\/schema.org\",\"@graph\":[{\"@type\":\"WebSite\",\"@id\":\"https:\/\/koroni.net\/#website\",\"url\":\"https:\/\/koroni.net\/\",\"name\":\"Zaga Beach Hotel and Restaurant | koroni.net\",\"description\":\"Willkommen im Zaga Beach Hotel &amp; Restaurant in der pr\u00e4chtigen Koroni, hoffen, dass Sie Ihren Urlaub genie\u00dfen und wir werden das von unserer Hand tun, um zu erreichen\",\"potentialAction\":[{\"@type\":\"SearchAction\",\"target\":{\"@type\":\"EntryPoint\",\"urlTemplate\":\"https:\/\/koroni.net\/?s={search_term_string}\"},\"query-input\":\"required name=search_term_string\"}],\"inLanguage\":\"de\"},{\"@type\":\"WebPage\",\"@id\":\"https:\/\/koroni.net\/koroni-messinias\/#webpage\",\"url\":\"https:\/\/koroni.net\/koroni-messinias\/\",\"name\":\"Koroni Messinias - Zaga Beach Hotel and Restaurant | koroni.net\",\"isPartOf\":{\"@id\":\"https:\/\/koroni.net\/#website\"},\"datePublished\":\"2018-05-03T07:31:10+00:00\",\"dateModified\":\"2018-05-07T17:38:39+00:00\",\"breadcrumb\":{\"@id\":\"https:\/\/koroni.net\/koroni-messinias\/#breadcrumb\"},\"inLanguage\":\"de\",\"potentialAction\":[{\"@type\":\"ReadAction\",\"target\":[\"https:\/\/koroni.net\/koroni-messinias\/\"]}]},{\"@type\":\"BreadcrumbList\",\"@id\":\"https:\/\/koroni.net\/koroni-messinias\/#breadcrumb\",\"itemListElement\":[{\"@type\":\"ListItem\",\"position\":1,\"name\":\"Home\",\"item\":\"https:\/\/koroni.net\/\"},{\"@type\":\"ListItem\",\"position\":2,\"name\":\"Koroni Messinias\"}]}]}<\/script>\n<!-- \/ Yoast SEO plugin. -->","yoast_head_json":{"title":"Koroni Messinias - Zaga Beach Hotel and Restaurant | koroni.net","robots":{"index":"index","follow":"follow","max-snippet":"max-snippet:-1","max-image-preview":"max-image-preview:large","max-video-preview":"max-video-preview:-1"},"canonical":"https:\/\/koroni.net\/koroni-messinias\/","og_locale":"de_DE","og_type":"article","og_title":"Koroni Messinias - Zaga Beach Hotel and Restaurant | koroni.net","og_description":"Koroni oder Corone (Griechisch: \u039a\u03bf\u03c1\u03ce\u03bd\u03b7) ist eine Stadt und eine...","og_url":"https:\/\/koroni.net\/koroni-messinias\/","og_site_name":"Zaga Beach Hotel and Restaurant | koroni.net","article_modified_time":"2018-05-07T17:38:39+00:00","og_image":[{"url":"https:\/\/koroni.net\/wp-content\/uploads\/2018\/05\/koroni1.jpg"}],"twitter_card":"summary_large_image","twitter_misc":{"Gesch\u00e4tzte Lesezeit":"6\u00a0Minuten"},"schema":{"@context":"https:\/\/schema.org","@graph":[{"@type":"WebSite","@id":"https:\/\/koroni.net\/#website","url":"https:\/\/koroni.net\/","name":"Zaga Beach Hotel and Restaurant | koroni.net","description":"Willkommen im Zaga Beach Hotel &amp; Restaurant in der pr\u00e4chtigen Koroni, hoffen, dass Sie Ihren Urlaub genie\u00dfen und wir werden das von unserer Hand tun, um zu erreichen","potentialAction":[{"@type":"SearchAction","target":{"@type":"EntryPoint","urlTemplate":"https:\/\/koroni.net\/?s={search_term_string}"},"query-input":"required name=search_term_string"}],"inLanguage":"de"},{"@type":"WebPage","@id":"https:\/\/koroni.net\/koroni-messinias\/#webpage","url":"https:\/\/koroni.net\/koroni-messinias\/","name":"Koroni Messinias - Zaga Beach Hotel and Restaurant | koroni.net","isPartOf":{"@id":"https:\/\/koroni.net\/#website"},"datePublished":"2018-05-03T07:31:10+00:00","dateModified":"2018-05-07T17:38:39+00:00","breadcrumb":{"@id":"https:\/\/koroni.net\/koroni-messinias\/#breadcrumb"},"inLanguage":"de","potentialAction":[{"@type":"ReadAction","target":["https:\/\/koroni.net\/koroni-messinias\/"]}]},{"@type":"BreadcrumbList","@id":"https:\/\/koroni.net\/koroni-messinias\/#breadcrumb","itemListElement":[{"@type":"ListItem","position":1,"name":"Home","item":"https:\/\/koroni.net\/"},{"@type":"ListItem","position":2,"name":"Koroni Messinias"}]}]}},"_links":{"self":[{"href":"https:\/\/koroni.net\/de\/wp-json\/wp\/v2\/pages\/21"}],"collection":[{"href":"https:\/\/koroni.net\/de\/wp-json\/wp\/v2\/pages"}],"about":[{"href":"https:\/\/koroni.net\/de\/wp-json\/wp\/v2\/types\/page"}],"author":[{"embeddable":true,"href":"https:\/\/koroni.net\/de\/wp-json\/wp\/v2\/users\/1"}],"replies":[{"embeddable":true,"href":"https:\/\/koroni.net\/de\/wp-json\/wp\/v2\/comments?post=21"}],"version-history":[{"count":11,"href":"https:\/\/koroni.net\/de\/wp-json\/wp\/v2\/pages\/21\/revisions"}],"predecessor-version":[{"id":353,"href":"https:\/\/koroni.net\/de\/wp-json\/wp\/v2\/pages\/21\/revisions\/353"}],"wp:attachment":[{"href":"https:\/\/koroni.net\/de\/wp-json\/wp\/v2\/media?parent=21"}],"curies":[{"name":"wp","href":"https:\/\/api.w.org\/{rel}","templated":true}]}}