{"id":146,"date":"2018-05-04T09:04:24","date_gmt":"2018-05-04T09:04:24","guid":{"rendered":"http:\/\/koroni.net\/?page_id=146"},"modified":"2018-05-24T17:04:16","modified_gmt":"2018-05-24T17:04:16","slug":"zagka-beach","status":"publish","type":"page","link":"https:\/\/koroni.net\/de\/services\/zaga-beach\/","title":{"rendered":"Zaga Beach"},"content":{"rendered":"<p>\n\t\t<style type=\"text\/css\">\n\t\t\t#gallery-3 {\n\t\t\t\tmargin: auto;\n\t\t\t}\n\t\t\t#gallery-3 .gallery-item {\n\t\t\t\tfloat: left;\n\t\t\t\tmargin-top: 10px;\n\t\t\t\ttext-align: center;\n\t\t\t\twidth: 50%;\n\t\t\t}\n\t\t\t#gallery-3 img {\n\t\t\t\tborder: 2px solid #cfcfcf;\n\t\t\t}\n\t\t\t#gallery-3 .gallery-caption {\n\t\t\t\tmargin-left: 0;\n\t\t\t}\n\t\t\t\/* see gallery_shortcode() in wp-includes\/media.php *\/\n\t\t<\/style>\n\t\t<div id='gallery-3' class='gallery galleryid-146 gallery-columns-2 gallery-size-medium'><dl class='gallery-item'>\n\t\t\t<dt class='gallery-icon landscape'>\n\t\t\t\t<a href='https:\/\/koroni.net\/wp-content\/uploads\/2018\/05\/papasarantopoulos-zagka-beach.png'><img width=\"300\" height=\"143\" src=\"https:\/\/koroni.net\/wp-content\/uploads\/2018\/05\/papasarantopoulos-zagka-beach-300x143.png\" class=\"attachment-medium size-medium colorbox-146 \" alt=\"zagka beach\" loading=\"lazy\" srcset=\"https:\/\/koroni.net\/wp-content\/uploads\/2018\/05\/papasarantopoulos-zagka-beach-300x143.png 300w, https:\/\/koroni.net\/wp-content\/uploads\/2018\/05\/papasarantopoulos-zagka-beach.png 420w\" sizes=\"(max-width: 300px) 100vw, 300px\" title=\"zagka beach\" \/><\/a>\n\t\t\t<\/dt><\/dl><dl class='gallery-item'>\n\t\t\t<dt class='gallery-icon landscape'>\n\t\t\t\t<a href='https:\/\/koroni.net\/wp-content\/uploads\/2018\/05\/paralia_zagka_koroni.jpg'><img width=\"300\" height=\"177\" src=\"https:\/\/koroni.net\/wp-content\/uploads\/2018\/05\/paralia_zagka_koroni-300x177.jpg\" class=\"attachment-medium size-medium colorbox-146 \" alt=\"zagka beach\" loading=\"lazy\" srcset=\"https:\/\/koroni.net\/wp-content\/uploads\/2018\/05\/paralia_zagka_koroni-300x177.jpg 300w, https:\/\/koroni.net\/wp-content\/uploads\/2018\/05\/paralia_zagka_koroni.jpg 617w\" sizes=\"(max-width: 300px) 100vw, 300px\" title=\"zagka beach\" \/><\/a>\n\t\t\t<\/dt><\/dl><br style=\"clear: both\" \/>\n\t\t<\/div>\n<\/p>\n<p>Zaga liegt direkt unterhalb der Burg von Koroni. Es ist ein gro\u00dfer Strand mit Sand, der sich \u00fcber Hunderte von Metern erstreckt.<\/p>\n<p>Der Zaga-Strand ist ein breiter Sandstrand, der vom s\u00fcdlichen Teil des Schlosses von Koroni beginnt und sich westlich auf der Stra\u00dfe nach Finikounda fortsetzt. Viele Familien und Jugendliche bevorzugen diesen Strand wegen seines feinen Sandes und t\u00fcrkisfarbenen Wassers.<\/p>\n<p>Entlang des Strandes von Zaga mit vielen organisierten Pl\u00e4tzen mit Sonnenschirmen, Sonnenliegen und Wassersportm\u00f6glichkeiten finden Sie Beachvolleyballfelder und Fu\u00dfball, Duschen und Umkleider\u00e4ume. Der Zagas Strand wird auch von den Einheimischen bevorzugt, da es am Rande der Stadt liegt.<\/p>","protected":false},"excerpt":{"rendered":"<p>Zaga liegt direkt unterhalb der Burg von Koroni. Es ist&#8230;<\/p>\n","protected":false},"author":1,"featured_media":0,"parent":144,"menu_order":0,"comment_status":"closed","ping_status":"closed","template":"","meta":{"_mi_skip_tracking":false,"_exactmetrics_sitenote_active":false,"_exactmetrics_sitenote_note":"","_exactmetrics_sitenote_category":0},"acf":[],"yoast_head":"<!-- This site is optimized with the Yoast SEO plugin v18.5.1 - https:\/\/yoast.com\/wordpress\/plugins\/seo\/ -->\n<title>Zaga Beach - Zaga Beach Hotel and Restaurant | koroni.net<\/title>\n<meta name=\"robots\" content=\"index, follow, max-snippet:-1, max-image-preview:large, max-video-preview:-1\" \/>\n<link rel=\"canonical\" href=\"https:\/\/koroni.net\/services\/zaga-beach\/\" \/>\n<meta property=\"og:locale\" content=\"de_DE\" \/>\n<meta property=\"og:type\" content=\"article\" \/>\n<meta property=\"og:title\" content=\"Zaga Beach - Zaga Beach Hotel and Restaurant | koroni.net\" \/>\n<meta property=\"og:description\" content=\"Zaga liegt direkt unterhalb der Burg von Koroni. Es ist...\" \/>\n<meta property=\"og:url\" content=\"https:\/\/koroni.net\/services\/zaga-beach\/\" \/>\n<meta property=\"og:site_name\" content=\"Zaga Beach Hotel and Restaurant | koroni.net\" \/>\n<meta property=\"article:modified_time\" content=\"2018-05-24T17:04:16+00:00\" \/>\n<meta property=\"og:image\" content=\"https:\/\/koroni.net\/wp-content\/uploads\/2018\/05\/papasarantopoulos-zagka-beach-300x143.png\" \/>\n<meta name=\"twitter:card\" content=\"summary_large_image\" \/>\n<meta name=\"twitter:label1\" content=\"Gesch\u00e4tzte Lesezeit\" \/>\n\t<meta name=\"twitter:data1\" content=\"1\u00a0Minute\" \/>\n<script type=\"application\/ld+json\" class=\"yoast-schema-graph\">{\"@context\":\"https:\/\/schema.org\",\"@graph\":[{\"@type\":\"WebSite\",\"@id\":\"https:\/\/koroni.net\/#website\",\"url\":\"https:\/\/koroni.net\/\",\"name\":\"Zaga Beach Hotel and Restaurant | koroni.net\",\"description\":\"Willkommen im Zaga Beach Hotel &amp; Restaurant in der pr\u00e4chtigen Koroni, hoffen, dass Sie Ihren Urlaub genie\u00dfen und wir werden das von unserer Hand tun, um zu erreichen\",\"potentialAction\":[{\"@type\":\"SearchAction\",\"target\":{\"@type\":\"EntryPoint\",\"urlTemplate\":\"https:\/\/koroni.net\/?s={search_term_string}\"},\"query-input\":\"required name=search_term_string\"}],\"inLanguage\":\"de\"},{\"@type\":\"WebPage\",\"@id\":\"https:\/\/koroni.net\/services\/zaga-beach\/#webpage\",\"url\":\"https:\/\/koroni.net\/services\/zaga-beach\/\",\"name\":\"Zaga Beach - Zaga Beach Hotel and Restaurant | koroni.net\",\"isPartOf\":{\"@id\":\"https:\/\/koroni.net\/#website\"},\"datePublished\":\"2018-05-04T09:04:24+00:00\",\"dateModified\":\"2018-05-24T17:04:16+00:00\",\"breadcrumb\":{\"@id\":\"https:\/\/koroni.net\/services\/zaga-beach\/#breadcrumb\"},\"inLanguage\":\"de\",\"potentialAction\":[{\"@type\":\"ReadAction\",\"target\":[\"https:\/\/koroni.net\/services\/zaga-beach\/\"]}]},{\"@type\":\"BreadcrumbList\",\"@id\":\"https:\/\/koroni.net\/services\/zaga-beach\/#breadcrumb\",\"itemListElement\":[{\"@type\":\"ListItem\",\"position\":1,\"name\":\"Home\",\"item\":\"https:\/\/koroni.net\/\"},{\"@type\":\"ListItem\",\"position\":2,\"name\":\"Services\",\"item\":\"https:\/\/koroni.net\/services\/\"},{\"@type\":\"ListItem\",\"position\":3,\"name\":\"\u03a0\u03b1\u03c1\u03b1\u03bb\u03af\u03b1 \u0396\u03ac\u03b3\u03ba\u03b1\"}]}]}<\/script>\n<!-- \/ Yoast SEO plugin. -->","yoast_head_json":{"title":"Zaga Beach - Zaga Beach Hotel and Restaurant | koroni.net","robots":{"index":"index","follow":"follow","max-snippet":"max-snippet:-1","max-image-preview":"max-image-preview:large","max-video-preview":"max-video-preview:-1"},"canonical":"https:\/\/koroni.net\/services\/zaga-beach\/","og_locale":"de_DE","og_type":"article","og_title":"Zaga Beach - Zaga Beach Hotel and Restaurant | koroni.net","og_description":"Zaga liegt direkt unterhalb der Burg von Koroni. Es ist...","og_url":"https:\/\/koroni.net\/services\/zaga-beach\/","og_site_name":"Zaga Beach Hotel and Restaurant | koroni.net","article_modified_time":"2018-05-24T17:04:16+00:00","og_image":[{"url":"https:\/\/koroni.net\/wp-content\/uploads\/2018\/05\/papasarantopoulos-zagka-beach-300x143.png"}],"twitter_card":"summary_large_image","twitter_misc":{"Gesch\u00e4tzte Lesezeit":"1\u00a0Minute"},"schema":{"@context":"https:\/\/schema.org","@graph":[{"@type":"WebSite","@id":"https:\/\/koroni.net\/#website","url":"https:\/\/koroni.net\/","name":"Zaga Beach Hotel and Restaurant | koroni.net","description":"Willkommen im Zaga Beach Hotel &amp; Restaurant in der pr\u00e4chtigen Koroni, hoffen, dass Sie Ihren Urlaub genie\u00dfen und wir werden das von unserer Hand tun, um zu erreichen","potentialAction":[{"@type":"SearchAction","target":{"@type":"EntryPoint","urlTemplate":"https:\/\/koroni.net\/?s={search_term_string}"},"query-input":"required name=search_term_string"}],"inLanguage":"de"},{"@type":"WebPage","@id":"https:\/\/koroni.net\/services\/zaga-beach\/#webpage","url":"https:\/\/koroni.net\/services\/zaga-beach\/","name":"Zaga Beach - Zaga Beach Hotel and Restaurant | koroni.net","isPartOf":{"@id":"https:\/\/koroni.net\/#website"},"datePublished":"2018-05-04T09:04:24+00:00","dateModified":"2018-05-24T17:04:16+00:00","breadcrumb":{"@id":"https:\/\/koroni.net\/services\/zaga-beach\/#breadcrumb"},"inLanguage":"de","potentialAction":[{"@type":"ReadAction","target":["https:\/\/koroni.net\/services\/zaga-beach\/"]}]},{"@type":"BreadcrumbList","@id":"https:\/\/koroni.net\/services\/zaga-beach\/#breadcrumb","itemListElement":[{"@type":"ListItem","position":1,"name":"Home","item":"https:\/\/koroni.net\/"},{"@type":"ListItem","position":2,"name":"Services","item":"https:\/\/koroni.net\/services\/"},{"@type":"ListItem","position":3,"name":"\u03a0\u03b1\u03c1\u03b1\u03bb\u03af\u03b1 \u0396\u03ac\u03b3\u03ba\u03b1"}]}]}},"_links":{"self":[{"href":"https:\/\/koroni.net\/de\/wp-json\/wp\/v2\/pages\/146"}],"collection":[{"href":"https:\/\/koroni.net\/de\/wp-json\/wp\/v2\/pages"}],"about":[{"href":"https:\/\/koroni.net\/de\/wp-json\/wp\/v2\/types\/page"}],"author":[{"embeddable":true,"href":"https:\/\/koroni.net\/de\/wp-json\/wp\/v2\/users\/1"}],"replies":[{"embeddable":true,"href":"https:\/\/koroni.net\/de\/wp-json\/wp\/v2\/comments?post=146"}],"version-history":[{"count":9,"href":"https:\/\/koroni.net\/de\/wp-json\/wp\/v2\/pages\/146\/revisions"}],"predecessor-version":[{"id":529,"href":"https:\/\/koroni.net\/de\/wp-json\/wp\/v2\/pages\/146\/revisions\/529"}],"up":[{"embeddable":true,"href":"https:\/\/koroni.net\/de\/wp-json\/wp\/v2\/pages\/144"}],"wp:attachment":[{"href":"https:\/\/koroni.net\/de\/wp-json\/wp\/v2\/media?parent=146"}],"curies":[{"name":"wp","href":"https:\/\/api.w.org\/{rel}","templated":true}]}}